{"id":84,"date":"2024-07-21T16:33:00","date_gmt":"2024-07-21T16:33:00","guid":{"rendered":"https:\/\/willaeryka.pl\/index.php\/home\/"},"modified":"2025-07-08T13:25:24","modified_gmt":"2025-07-08T11:25:24","slug":"home","status":"publish","type":"page","link":"https:\/\/willaeryka.pl\/","title":{"rendered":"Home"},"content":{"rendered":"<h2>WILLA ERYKA<\/h2>\n<h1>Idealne miejsce dla rodzin z dzie\u0107mi<\/h1>\n<p>\t\t\t\t\t<a href=\"#\"><br \/>\n\t\t\t\t\t\t\t\t\tZadzwo\u0144<br \/>\n\t\t\t\t\t<\/a><\/p>\n<h2>Idealne miejsce dla rodzin z dzie\u0107mi<\/h2>\n<h2>Dla naszych go\u015bci przygotowali\u015bmy \u0142\u0105cznie 7 pokoi 2, 3 i 4 osobowych z \u0142azienkami.<br \/>\nObiekt jest budynkiem przygotowanym specjalnie do \u015bwiadczenia us\u0142ug, w zakresie wynajmu kwater prywatnych. Dom znajduje si\u0119 na ogrodzonej posesji, na kt\u00f3rej jest mo\u017cliwo\u015b\u0107 zaparkowania samochodu , mini plac zabaw dla dzieci <\/h2>\n<p>\t\t\t\t\t\t\t\t\t\t\t\t\t\t\t<img loading=\"lazy\" decoding=\"async\" width=\"500\" height=\"500\" src=\"https:\/\/willaeryka.pl\/wp-content\/uploads\/2024\/07\/Free-Simple-Modern-Circle-Design-Studio-Logo-3.png\" alt=\"\" srcset=\"https:\/\/willaeryka.pl\/wp-content\/uploads\/2024\/07\/Free-Simple-Modern-Circle-Design-Studio-Logo-3.png 500w, https:\/\/willaeryka.pl\/wp-content\/uploads\/2024\/07\/Free-Simple-Modern-Circle-Design-Studio-Logo-3-300x300.png 300w, https:\/\/willaeryka.pl\/wp-content\/uploads\/2024\/07\/Free-Simple-Modern-Circle-Design-Studio-Logo-3-150x150.png 150w\" sizes=\"auto, (max-width: 500px) 100vw, 500px\" \/>\t\t\t\t\t\t\t\t\t\t\t\t\t\t\t<\/p>\n<figure><img loading=\"lazy\" decoding=\"async\" width=\"1200\" height=\"900\" src=\"https:\/\/willaeryka.pl\/wp-content\/uploads\/2024\/07\/IMG-20240628-WA0048-1.jpg\" alt=\"\" srcset=\"https:\/\/willaeryka.pl\/wp-content\/uploads\/2024\/07\/IMG-20240628-WA0048-1.jpg 1200w, https:\/\/willaeryka.pl\/wp-content\/uploads\/2024\/07\/IMG-20240628-WA0048-1-300x225.jpg 300w, https:\/\/willaeryka.pl\/wp-content\/uploads\/2024\/07\/IMG-20240628-WA0048-1-1024x768.jpg 1024w, https:\/\/willaeryka.pl\/wp-content\/uploads\/2024\/07\/IMG-20240628-WA0048-1-768x576.jpg 768w\" sizes=\"auto, (max-width: 1200px) 100vw, 1200px\" \/><\/figure>\n<h3>Pokoje 2 osobowe<\/h3>\n<figure><img loading=\"lazy\" decoding=\"async\" width=\"1200\" height=\"900\" src=\"https:\/\/willaeryka.pl\/wp-content\/uploads\/2024\/07\/IMG-20240628-WA0040-1.jpg\" alt=\"\" srcset=\"https:\/\/willaeryka.pl\/wp-content\/uploads\/2024\/07\/IMG-20240628-WA0040-1.jpg 1200w, https:\/\/willaeryka.pl\/wp-content\/uploads\/2024\/07\/IMG-20240628-WA0040-1-300x225.jpg 300w, https:\/\/willaeryka.pl\/wp-content\/uploads\/2024\/07\/IMG-20240628-WA0040-1-1024x768.jpg 1024w, https:\/\/willaeryka.pl\/wp-content\/uploads\/2024\/07\/IMG-20240628-WA0040-1-768x576.jpg 768w\" sizes=\"auto, (max-width: 1200px) 100vw, 1200px\" \/><\/figure>\n<h3>Pokoje 3 osobowe<\/h3>\n<figure><img loading=\"lazy\" decoding=\"async\" width=\"1200\" height=\"900\" src=\"https:\/\/willaeryka.pl\/wp-content\/uploads\/2024\/07\/IMG-20240628-WA0055.jpg\" alt=\"\" srcset=\"https:\/\/willaeryka.pl\/wp-content\/uploads\/2024\/07\/IMG-20240628-WA0055.jpg 1200w, https:\/\/willaeryka.pl\/wp-content\/uploads\/2024\/07\/IMG-20240628-WA0055-300x225.jpg 300w, https:\/\/willaeryka.pl\/wp-content\/uploads\/2024\/07\/IMG-20240628-WA0055-1024x768.jpg 1024w, https:\/\/willaeryka.pl\/wp-content\/uploads\/2024\/07\/IMG-20240628-WA0055-768x576.jpg 768w\" sizes=\"auto, (max-width: 1200px) 100vw, 1200px\" \/><\/figure>\n<h3>Pokoje 4 osobowe<\/h3>\n<p>\t\t\t\t\tO nas\t\t\t\t<\/p>\n<h2>Poznaj nas<\/h2>\n<p>Willa Eryka to dom rodzinny po\u0142o\u017cony w malowniczej miejscowo\u015bci Ch\u0142apowo, niedaleko W\u0142adys\u0142awowa na polskim wybrze\u017cu. Obiekt znajduje si\u0119 w spokojnej okolicy, z dala od miejskiego zgie\u0142ku, co zapewnia go\u015bciom relaks i wypoczynek w otoczeniu natury. Willa Eryka oferuje komfortowe pokoje z \u0142azienkami, w tym bezp\u0142atnym Wi-Fi oraz kuchni\u0105 dost\u0119pn\u0105 dla go\u015bci.<\/p>\n<p>Na terenie willi znajduje si\u0119 przestronny ogr\u00f3d z miejscem do grillowania, plac zabaw dla dzieci oraz parking dla go\u015bci. Blisko\u015b\u0107 pla\u017cy, klif\u00f3w i licznych szlak\u00f3w turystycznych sprawia, \u017ce Willa Eryka jest idealnym miejscem dla mi\u0142o\u015bnik\u00f3w aktywnego wypoczynku oraz rodzin z dzie\u0107mi.<\/p>\n<p>\t\t\t\t\t\t\t\t\t\t\t\t\t\t\t<img loading=\"lazy\" decoding=\"async\" width=\"496\" height=\"202\" src=\"https:\/\/willaeryka.pl\/wp-content\/uploads\/2024\/07\/Zrzut-ekranu-2024-07-21-o-20.00.08.png\" alt=\"\" srcset=\"https:\/\/willaeryka.pl\/wp-content\/uploads\/2024\/07\/Zrzut-ekranu-2024-07-21-o-20.00.08.png 496w, https:\/\/willaeryka.pl\/wp-content\/uploads\/2024\/07\/Zrzut-ekranu-2024-07-21-o-20.00.08-300x122.png 300w\" sizes=\"auto, (max-width: 496px) 100vw, 496px\" \/>\t\t\t\t\t\t\t\t\t\t\t\t\t\t\t<\/p>\n<figure><img decoding=\"async\" src=\"https:\/\/willaeryka.pl\/wp-content\/uploads\/elementor\/thumbs\/IMG-20240628-WA0023-qrg1f5cidflzpndwooxsbl1mztktrgkxluuqhww5kw.jpg\" alt=\"IMG-20240628-WA0023\" \/><\/figure>\n<p>\t\t\t\t\t\t\t<a href=\"https:\/\/willaeryka.pl\/wp-content\/uploads\/2024\/08\/525375c174ca7f4c38dc3b3c5dcbdf9d-scaled.jpg\" data-elementor-open-lightbox=\"yes\" data-elementor-lightbox-slideshow=\"4fe70ca8\" data-elementor-lightbox-title=\"525375c174ca7f4c38dc3b3c5dcbdf9d\" data-e-action-hash=\"#elementor-action%3Aaction%3Dlightbox%26settings%3DeyJpZCI6NDA4LCJ1cmwiOiJodHRwczpcL1wvd2lsbGFlcnlrYS5wbFwvd3AtY29udGVudFwvdXBsb2Fkc1wvMjAyNFwvMDhcLzUyNTM3NWMxNzRjYTdmNGMzOGRjM2IzYzVkY2JkZjlkLXNjYWxlZC5qcGciLCJzbGlkZXNob3ciOiI0ZmU3MGNhOCJ9\"><br \/>\n\t\t\t\t\t\t\t\t\t<\/a><br \/>\n\t\t\t\t\t\t\t<a href=\"https:\/\/willaeryka.pl\/wp-content\/uploads\/2024\/08\/Zrzut-ekranu-2024-08-11-o-21.58.22.png\" data-elementor-open-lightbox=\"yes\" data-elementor-lightbox-slideshow=\"4fe70ca8\" data-elementor-lightbox-title=\"Zrzut ekranu 2024-08-11 o 21.58.22\" data-e-action-hash=\"#elementor-action%3Aaction%3Dlightbox%26settings%3DeyJpZCI6MzQxLCJ1cmwiOiJodHRwczpcL1wvd2lsbGFlcnlrYS5wbFwvd3AtY29udGVudFwvdXBsb2Fkc1wvMjAyNFwvMDhcL1pyenV0LWVrcmFudS0yMDI0LTA4LTExLW8tMjEuNTguMjIucG5nIiwic2xpZGVzaG93IjoiNGZlNzBjYTgifQ%3D%3D\"><br \/>\n\t\t\t\t\t\t\t\t\t<\/a><br \/>\n\t\t\t\t\t\t\t<a href=\"https:\/\/willaeryka.pl\/wp-content\/uploads\/2024\/08\/stephan-glauner-QWxcjUzdtdY-unsplash.jpg\" data-elementor-open-lightbox=\"yes\" data-elementor-lightbox-slideshow=\"4fe70ca8\" data-elementor-lightbox-title=\"stephan-glauner-QWxcjUzdtdY-unsplash\" data-e-action-hash=\"#elementor-action%3Aaction%3Dlightbox%26settings%3DeyJpZCI6NDE1LCJ1cmwiOiJodHRwczpcL1wvd2lsbGFlcnlrYS5wbFwvd3AtY29udGVudFwvdXBsb2Fkc1wvMjAyNFwvMDhcL3N0ZXBoYW4tZ2xhdW5lci1RV3hjalV6ZHRkWS11bnNwbGFzaC5qcGciLCJzbGlkZXNob3ciOiI0ZmU3MGNhOCJ9\"><br \/>\n\t\t\t\t\t\t\t\t\t<\/a><br \/>\n\t\t\t\t\t\t\t<a href=\"https:\/\/willaeryka.pl\/wp-content\/uploads\/2024\/08\/shutterstock_1203509089.jpg\" data-elementor-open-lightbox=\"yes\" data-elementor-lightbox-slideshow=\"4fe70ca8\" data-elementor-lightbox-title=\"shutterstock_1203509089\" data-e-action-hash=\"#elementor-action%3Aaction%3Dlightbox%26settings%3DeyJpZCI6NDE2LCJ1cmwiOiJodHRwczpcL1wvd2lsbGFlcnlrYS5wbFwvd3AtY29udGVudFwvdXBsb2Fkc1wvMjAyNFwvMDhcL3NodXR0ZXJzdG9ja18xMjAzNTA5MDg5LmpwZyIsInNsaWRlc2hvdyI6IjRmZTcwY2E4In0%3D\"><br \/>\n\t\t\t\t\t\t\t\t\t<\/a><br \/>\n\t\t\t\t<svg aria-hidden=\"true\" viewBox=\"0 0 512 512\" xmlns=\"http:\/\/www.w3.org\/2000\/svg\"><path d=\"M499.99 176h-59.87l-16.64-41.6C406.38 91.63 365.57 64 319.5 64h-127c-46.06 0-86.88 27.63-103.99 70.4L71.87 176H12.01C4.2 176-1.53 183.34.37 190.91l6 24C7.7 220.25 12.5 224 18.01 224h20.07C24.65 235.73 16 252.78 16 272v48c0 16.12 6.16 30.67 16 41.93V416c0 17.67 14.33 32 32 32h32c17.67 0 32-14.33 32-32v-32h256v32c0 17.67 14.33 32 32 32h32c17.67 0 32-14.33 32-32v-54.07c9.84-11.25 16-25.8 16-41.93v-48c0-19.22-8.65-36.27-22.07-48H494c5.51 0 10.31-3.75 11.64-9.09l6-24c1.89-7.57-3.84-14.91-11.65-14.91zm-352.06-17.83c7.29-18.22 24.94-30.17 44.57-30.17h127c19.63 0 37.28 11.95 44.57 30.17L384 208H128l19.93-49.83zM96 319.8c-19.2 0-32-12.76-32-31.9S76.8 256 96 256s48 28.71 48 47.85-28.8 15.95-48 15.95zm320 0c-19.2 0-48 3.19-48-15.95S396.8 256 416 256s32 12.76 32 31.9-12.8 31.9-32 31.9z\"><\/path><\/svg>\t\t\t\t<\/p>\n<h5>\n\t\t\t\t\t\t\tBezp\u0142atny parking<br \/>\n\t\t\t\t\t<\/h5>\n<p>\n\t\t\t\t\t\tDla naszych go\u015bci oferujemy darmowy parking \t\t\t\t\t<\/p>\n<p>\t\t\t\t<svg aria-hidden=\"true\" viewBox=\"0 0 448 512\" xmlns=\"http:\/\/www.w3.org\/2000\/svg\"><path d=\"M436 480h-20V24c0-13.255-10.745-24-24-24H56C42.745 0 32 10.745 32 24v456H12c-6.627 0-12 5.373-12 12v20h448v-20c0-6.627-5.373-12-12-12zM128 76c0-6.627 5.373-12 12-12h40c6.627 0 12 5.373 12 12v40c0 6.627-5.373 12-12 12h-40c-6.627 0-12-5.373-12-12V76zm0 96c0-6.627 5.373-12 12-12h40c6.627 0 12 5.373 12 12v40c0 6.627-5.373 12-12 12h-40c-6.627 0-12-5.373-12-12v-40zm52 148h-40c-6.627 0-12-5.373-12-12v-40c0-6.627 5.373-12 12-12h40c6.627 0 12 5.373 12 12v40c0 6.627-5.373 12-12 12zm76 160h-64v-84c0-6.627 5.373-12 12-12h40c6.627 0 12 5.373 12 12v84zm64-172c0 6.627-5.373 12-12 12h-40c-6.627 0-12-5.373-12-12v-40c0-6.627 5.373-12 12-12h40c6.627 0 12 5.373 12 12v40zm0-96c0 6.627-5.373 12-12 12h-40c-6.627 0-12-5.373-12-12v-40c0-6.627 5.373-12 12-12h40c6.627 0 12 5.373 12 12v40zm0-96c0 6.627-5.373 12-12 12h-40c-6.627 0-12-5.373-12-12V76c0-6.627 5.373-12 12-12h40c6.627 0 12 5.373 12 12v40z\"><\/path><\/svg>\t\t\t\t<\/p>\n<h5>\n\t\t\t\t\t\t\tWyposa\u017cone pokoje<br \/>\n\t\t\t\t\t<\/h5>\n<p>\n\t\t\t\t\t\tW pe\u0142ni wyposa\u017cone pokoje w przedmioty codziennego u\u017cytku\t\t\t\t\t<\/p>\n<p>\t\t\t\t<svg aria-hidden=\"true\" viewBox=\"0 0 496 512\" xmlns=\"http:\/\/www.w3.org\/2000\/svg\"><path d=\"M248 8C111 8 0 119 0 256s111 248 248 248 248-111 248-248S385 8 248 8zm0 448c-110.3 0-200-89.7-200-200S137.7 56 248 56s200 89.7 200 200-89.7 200-200 200zm84-143.4c-20.8 25-51.5 39.4-84 39.4s-63.2-14.3-84-39.4c-8.5-10.2-23.6-11.5-33.8-3.1-10.2 8.5-11.5 23.6-3.1 33.8 30 36 74.1 56.6 120.9 56.6s90.9-20.6 120.9-56.6c8.5-10.2 7.1-25.3-3.1-33.8-10.2-8.4-25.3-7.1-33.8 3.1zM136.5 211c7.7-13.7 19.2-21.6 31.5-21.6s23.8 7.9 31.5 21.6l9.5 17c2.1 3.7 6.2 4.7 9.3 3.7 3.6-1.1 6-4.5 5.7-8.3-3.3-42.1-32.2-71.4-56-71.4s-52.7 29.3-56 71.4c-.3 3.7 2.1 7.2 5.7 8.3 3.4 1.1 7.4-.5 9.3-3.7l9.5-17zM328 152c-23.8 0-52.7 29.3-56 71.4-.3 3.7 2.1 7.2 5.7 8.3 3.5 1.1 7.4-.5 9.3-3.7l9.5-17c7.7-13.7 19.2-21.6 31.5-21.6s23.8 7.9 31.5 21.6l9.5 17c2.1 3.7 6.2 4.7 9.3 3.7 3.6-1.1 6-4.5 5.7-8.3-3.3-42.1-32.2-71.4-56-71.4z\"><\/path><\/svg>\t\t\t\t<\/p>\n<h5>\n\t\t\t\t\t\t\tPlac zabaw<br \/>\n\t\t\t\t\t<\/h5>\n<p>\n\t\t\t\t\t\tMini plac zabaw dla dzieci \t\t\t\t\t<\/p>\n<p>\t\t\t\t<svg aria-hidden=\"true\" viewBox=\"0 0 640 512\" xmlns=\"http:\/\/www.w3.org\/2000\/svg\"><path d=\"M115.38 136.9l102.11 37.18c35.19-81.54 86.21-144.29 139-173.7-95.88-4.89-188.78 36.96-248.53 111.8-6.69 8.4-2.66 21.05 7.42 24.72zm132.25 48.16l238.48 86.83c35.76-121.38 18.7-231.66-42.63-253.98-7.4-2.7-15.13-4-23.09-4-58.02.01-128.27 69.17-172.76 171.15zM521.48 60.5c6.22 16.3 10.83 34.6 13.2 55.19 5.74 49.89-1.42 108.23-18.95 166.98l102.62 37.36c10.09 3.67 21.31-3.43 21.57-14.17 2.32-95.69-41.91-187.44-118.44-245.36zM560 447.98H321.06L386 269.5l-60.14-21.9-72.9 200.37H16c-8.84 0-16 7.16-16 16.01v32.01C0 504.83 7.16 512 16 512h544c8.84 0 16-7.17 16-16.01v-32.01c0-8.84-7.16-16-16-16z\"><\/path><\/svg>\t\t\t\t<\/p>\n<h5>\n\t\t\t\t\t\t\tPla\u017ca<br \/>\n\t\t\t\t\t<\/h5>\n<p>\n\t\t\t\t\t\tZej\u015bcie  w\u0105wozem do pla\u017cy 15 minut spacerkiem \t\t\t\t\t<\/p>\n<p>\t\t\t\t\tPOKOJE\t\t\t\t<\/p>\n<h2>GALERIA<\/h2>\n<p>\t\t\t\t\t\t\t<a href=\"https:\/\/willaeryka.pl\/wp-content\/uploads\/2024\/07\/IMG-20240628-WA0048.jpg\" data-elementor-open-lightbox=\"yes\" data-elementor-lightbox-slideshow=\"57cdc851\" data-elementor-lightbox-title=\"IMG-20240628-WA0048\" data-e-action-hash=\"#elementor-action%3Aaction%3Dlightbox%26settings%3DeyJpZCI6MjQ3LCJ1cmwiOiJodHRwczpcL1wvd2lsbGFlcnlrYS5wbFwvd3AtY29udGVudFwvdXBsb2Fkc1wvMjAyNFwvMDdcL0lNRy0yMDI0MDYyOC1XQTAwNDguanBnIiwic2xpZGVzaG93IjoiNTdjZGM4NTEifQ%3D%3D\"><br \/>\n\t\t\t\t\t\t\t\t\t<\/a><br \/>\n\t\t\t\t\t\t\t<a href=\"https:\/\/willaeryka.pl\/wp-content\/uploads\/2024\/07\/IMG-20240628-WA0053.jpg\" data-elementor-open-lightbox=\"yes\" data-elementor-lightbox-slideshow=\"57cdc851\" data-elementor-lightbox-title=\"IMG-20240628-WA0053\" data-e-action-hash=\"#elementor-action%3Aaction%3Dlightbox%26settings%3DeyJpZCI6MjUxLCJ1cmwiOiJodHRwczpcL1wvd2lsbGFlcnlrYS5wbFwvd3AtY29udGVudFwvdXBsb2Fkc1wvMjAyNFwvMDdcL0lNRy0yMDI0MDYyOC1XQTAwNTMuanBnIiwic2xpZGVzaG93IjoiNTdjZGM4NTEifQ%3D%3D\"><br \/>\n\t\t\t\t\t\t\t\t\t<\/a><br \/>\n\t\t\t\t\t\t\t<a href=\"https:\/\/willaeryka.pl\/wp-content\/uploads\/2024\/07\/IMG-20240628-WA0051.jpg\" data-elementor-open-lightbox=\"yes\" data-elementor-lightbox-slideshow=\"57cdc851\" data-elementor-lightbox-title=\"IMG-20240628-WA0051\" data-e-action-hash=\"#elementor-action%3Aaction%3Dlightbox%26settings%3DeyJpZCI6MjQ5LCJ1cmwiOiJodHRwczpcL1wvd2lsbGFlcnlrYS5wbFwvd3AtY29udGVudFwvdXBsb2Fkc1wvMjAyNFwvMDdcL0lNRy0yMDI0MDYyOC1XQTAwNTEuanBnIiwic2xpZGVzaG93IjoiNTdjZGM4NTEifQ%3D%3D\"><br \/>\n\t\t\t\t\t\t\t\t\t<\/a><br \/>\n\t\t\t\t\t<a href=\"https:\/\/willaeryka.pl\/gallery\/\"><br \/>\n\t\t\t\t\t\t\t\t\tZobacz wi\u0119cej<br \/>\n\t\t\t\t\t<\/a><br \/>\n\t\t\t\t\tOPINIE\t\t\t\t<\/p>\n<h2>Przeczytaj wi\u0119cej na:<\/h2>\n<p>\t\t\t\t\t\t\t\t\t\t\t\t\t\t\t\t<a href=\"https:\/\/www.nocowanie.pl\/noclegi\/chlapowo\/kwatery_i_pokoje\/73977\/opinie,1.html\"><br \/>\n\t\t\t\t\t\t\t<img loading=\"lazy\" decoding=\"async\" width=\"1024\" height=\"167\" src=\"https:\/\/willaeryka.pl\/wp-content\/uploads\/2024\/07\/nocowanie_pl_logo.png\" alt=\"\" srcset=\"https:\/\/willaeryka.pl\/wp-content\/uploads\/2024\/07\/nocowanie_pl_logo.png 1024w, https:\/\/willaeryka.pl\/wp-content\/uploads\/2024\/07\/nocowanie_pl_logo-300x49.png 300w, https:\/\/willaeryka.pl\/wp-content\/uploads\/2024\/07\/nocowanie_pl_logo-768x125.png 768w\" sizes=\"auto, (max-width: 1024px) 100vw, 1024px\" \/>\t\t\t\t\t\t\t\t<\/a><br \/>\n\t\t\t\t\t\t&#8222;Jestem zachwycona pobytem w tej willi mimo kr\u00f3tkiego pobytu bardzo odpocz\u0119\u0142am. Okolica bardzo cicha wi\u0119c w nocy naprawd\u0119 mo\u017cna by\u0142o si\u0119 wyspa\u0107 niedaleko bo oko\u0142o 15 minut piechotk\u0105 do centrum W\u0142adys\u0142awowa. Pla\u017ca blisko . Bardzo mi\u0142e Panie w\u0142a\u015bcicielki s\u0142u\u017c\u0105ce pomoc\u0105 czu\u0142am si\u0119 tam jak w domu. Napewno wr\u00f3c\u0119 i b\u0119d\u0119 poleca\u0107 to miejsce znajomym.&#8221;<br \/>\n\t\t\t\t\t\t\t\t<cite>Monika Kowal<\/cite><br \/>\n\t\t\t\t\t\t&#8222;Willa Eryka,, to miejsce gdzie nie by\u0142o problemu z niczym. Pani w\u0142a\u015bcicielka jest przemi\u0142\u0105 osob\u0105. Czysto i przytulnie, a\u017c chcia\u0142o sie zosta\u0107 tam na kolejne dni. Po\u0142o\u017cenie wr\u0119cz idealne, cicha i piekna okolica. Na pewno jeszcze tam wr\u00f3c\u0119 i poleci\u0142am ten obiekt znajomym.&#8221;<br \/>\n\t\t\t\t\t\t\t\t<cite>Ania<\/cite><br \/>\n\t\t\t\t\t\t&#8222;10\/10 to niestety troch\u0119 za ma\u0142o.<br \/>\nNajlepsza kwatera na jakiej mia\u0142am przyjemno\u015b\u0107 sp\u0119dzi\u0107 kr\u00f3tki rodzinny wypad.<br \/>\nW\u0142a\u015bcicielka przesympatyczna, daje wolno\u015b\u0107 i swobod\u0119 nie obci\u0105\u017ca wynajmuj\u0105cego swoj\u0105 osob\u0105 a do tego pomocna i uczynna. Pokoje czyste i pachn\u0105ce. Kuchnia wyposa\u017cona w pe\u0142ni.<br \/>\nPolecam!!!!! Ja napewno tu wr\u00f3c\u0119 i zostanie to miejsce moj\u0105 sta\u0142ym domem na rodzinne wypady.&#8221;<br \/>\n\t\t\t\t\t\t\t\t<cite>Sylwia Weso\u0142owska<\/cite><br \/>\n\t\t\t\t\t\t&#8222;Da\u0142bym nawet ocen\u0119 11, bo w\u0142a\u015bcicielka jest na prawd\u0119 fajn\u0105 osob\u0105, kt\u00f3ra zawsze s\u0142u\u017cy pomoc\u0105. Pensjonat dla tych co wol\u0105 spokojniejsz\u0105 okolic\u0119. Bardzo czysto, wygodnie i w miar\u0119 wsz\u0119dzie blisko. Polecam !!!&#8221;<br \/>\n\t\t\t\t\t\t\t\t<cite>Pawe\u0142 Jeziorek<\/cite><br \/>\n\t\t\t\t\t\t\u201cMi\u0142o sp\u0119dzony urlop, pok\u00f3j 4-os.z kuchni\u0105 na wy\u0142\u0105czno\u015b\u0107- rewelacja. \u015awi\u0119tna pogoda, dobra lokalizacja i bardzo sympatyczna w\u0142a\u015bcicielka. Serdecznie polecam:)\u201d<br \/>\n\t\t\t\t\t\t\t\t<cite>Ewelina<\/cite><\/p>\n","protected":false},"excerpt":{"rendered":"<p>WILLA ERYKA Idealne miejsce dla rodzin z dzie\u0107mi Zadzwo\u0144 Idealne miejsce dla rodzin z dzie\u0107mi Dla naszych go\u015bci przygotowali\u015bmy \u0142\u0105cznie 7 pokoi 2, 3 i 4 osobowych z \u0142azienkami. Obiekt jest budynkiem przygotowanym specjalnie do \u015bwiadczenia us\u0142ug, w zakresie wynajmu kwater prywatnych. Dom znajduje si\u0119 na ogrodzonej posesji, na kt\u00f3rej jest mo\u017cliwo\u015b\u0107 zaparkowania samochodu , [&hellip;]<\/p>\n","protected":false},"author":1,"featured_media":0,"parent":0,"menu_order":0,"comment_status":"closed","ping_status":"closed","template":"","meta":{"footnotes":""},"class_list":["post-84","page","type-page","status-publish","hentry"],"yoast_head":"<!-- This site is optimized with the Yoast SEO plugin v27.0 - https:\/\/yoast.com\/product\/yoast-seo-wordpress\/ -->\n<title>Home -<\/title>\n<meta name=\"robots\" content=\"index, follow, max-snippet:-1, max-image-preview:large, max-video-preview:-1\" \/>\n<link rel=\"canonical\" href=\"https:\/\/willaeryka.pl\/\" \/>\n<meta property=\"og:locale\" content=\"pl_PL\" \/>\n<meta property=\"og:type\" content=\"article\" \/>\n<meta property=\"og:title\" content=\"Home -\" \/>\n<meta property=\"og:description\" content=\"WILLA ERYKA Idealne miejsce dla rodzin z dzie\u0107mi Zadzwo\u0144 Idealne miejsce dla rodzin z dzie\u0107mi Dla naszych go\u015bci przygotowali\u015bmy \u0142\u0105cznie 7 pokoi 2, 3 i 4 osobowych z \u0142azienkami. Obiekt jest budynkiem przygotowanym specjalnie do \u015bwiadczenia us\u0142ug, w zakresie wynajmu kwater prywatnych. Dom znajduje si\u0119 na ogrodzonej posesji, na kt\u00f3rej jest mo\u017cliwo\u015b\u0107 zaparkowania samochodu , [&hellip;]\" \/>\n<meta property=\"og:url\" content=\"https:\/\/willaeryka.pl\/\" \/>\n<meta property=\"article:modified_time\" content=\"2025-07-08T11:25:24+00:00\" \/>\n<meta property=\"og:image\" content=\"https:\/\/willaeryka.pl\/wp-content\/uploads\/2024\/07\/Free-Simple-Modern-Circle-Design-Studio-Logo-3.png\" \/>\n<meta name=\"twitter:card\" content=\"summary_large_image\" \/>\n<meta name=\"twitter:label1\" content=\"Szacowany czas czytania\" \/>\n\t<meta name=\"twitter:data1\" content=\"3 minuty\" \/>\n<script type=\"application\/ld+json\" class=\"yoast-schema-graph\">{\"@context\":\"https:\/\/schema.org\",\"@graph\":[{\"@type\":\"WebPage\",\"@id\":\"https:\/\/willaeryka.pl\/\",\"url\":\"https:\/\/willaeryka.pl\/\",\"name\":\"Home -\",\"isPartOf\":{\"@id\":\"https:\/\/willaeryka.pl\/#website\"},\"primaryImageOfPage\":{\"@id\":\"https:\/\/willaeryka.pl\/#primaryimage\"},\"image\":{\"@id\":\"https:\/\/willaeryka.pl\/#primaryimage\"},\"thumbnailUrl\":\"https:\/\/willaeryka.pl\/wp-content\/uploads\/2024\/07\/Free-Simple-Modern-Circle-Design-Studio-Logo-3.png\",\"datePublished\":\"2024-07-21T16:33:00+00:00\",\"dateModified\":\"2025-07-08T11:25:24+00:00\",\"breadcrumb\":{\"@id\":\"https:\/\/willaeryka.pl\/#breadcrumb\"},\"inLanguage\":\"pl-PL\",\"potentialAction\":[{\"@type\":\"ReadAction\",\"target\":[\"https:\/\/willaeryka.pl\/\"]}]},{\"@type\":\"ImageObject\",\"inLanguage\":\"pl-PL\",\"@id\":\"https:\/\/willaeryka.pl\/#primaryimage\",\"url\":\"https:\/\/willaeryka.pl\/wp-content\/uploads\/2024\/07\/Free-Simple-Modern-Circle-Design-Studio-Logo-3.png\",\"contentUrl\":\"https:\/\/willaeryka.pl\/wp-content\/uploads\/2024\/07\/Free-Simple-Modern-Circle-Design-Studio-Logo-3.png\",\"width\":500,\"height\":500},{\"@type\":\"BreadcrumbList\",\"@id\":\"https:\/\/willaeryka.pl\/#breadcrumb\",\"itemListElement\":[{\"@type\":\"ListItem\",\"position\":1,\"name\":\"Strona g\u0142\u00f3wna\",\"item\":\"https:\/\/willaeryka.pl\/\"},{\"@type\":\"ListItem\",\"position\":2,\"name\":\"Home\"}]},{\"@type\":\"WebSite\",\"@id\":\"https:\/\/willaeryka.pl\/#website\",\"url\":\"https:\/\/willaeryka.pl\/\",\"name\":\"\",\"description\":\"\",\"potentialAction\":[{\"@type\":\"SearchAction\",\"target\":{\"@type\":\"EntryPoint\",\"urlTemplate\":\"https:\/\/willaeryka.pl\/?s={search_term_string}\"},\"query-input\":{\"@type\":\"PropertyValueSpecification\",\"valueRequired\":true,\"valueName\":\"search_term_string\"}}],\"inLanguage\":\"pl-PL\"}]}<\/script>\n<!-- \/ Yoast SEO plugin. -->","yoast_head_json":{"title":"Home -","robots":{"index":"index","follow":"follow","max-snippet":"max-snippet:-1","max-image-preview":"max-image-preview:large","max-video-preview":"max-video-preview:-1"},"canonical":"https:\/\/willaeryka.pl\/","og_locale":"pl_PL","og_type":"article","og_title":"Home -","og_description":"WILLA ERYKA Idealne miejsce dla rodzin z dzie\u0107mi Zadzwo\u0144 Idealne miejsce dla rodzin z dzie\u0107mi Dla naszych go\u015bci przygotowali\u015bmy \u0142\u0105cznie 7 pokoi 2, 3 i 4 osobowych z \u0142azienkami. Obiekt jest budynkiem przygotowanym specjalnie do \u015bwiadczenia us\u0142ug, w zakresie wynajmu kwater prywatnych. Dom znajduje si\u0119 na ogrodzonej posesji, na kt\u00f3rej jest mo\u017cliwo\u015b\u0107 zaparkowania samochodu , [&hellip;]","og_url":"https:\/\/willaeryka.pl\/","article_modified_time":"2025-07-08T11:25:24+00:00","og_image":[{"url":"https:\/\/willaeryka.pl\/wp-content\/uploads\/2024\/07\/Free-Simple-Modern-Circle-Design-Studio-Logo-3.png","type":"","width":"","height":""}],"twitter_card":"summary_large_image","twitter_misc":{"Szacowany czas czytania":"3 minuty"},"schema":{"@context":"https:\/\/schema.org","@graph":[{"@type":"WebPage","@id":"https:\/\/willaeryka.pl\/","url":"https:\/\/willaeryka.pl\/","name":"Home -","isPartOf":{"@id":"https:\/\/willaeryka.pl\/#website"},"primaryImageOfPage":{"@id":"https:\/\/willaeryka.pl\/#primaryimage"},"image":{"@id":"https:\/\/willaeryka.pl\/#primaryimage"},"thumbnailUrl":"https:\/\/willaeryka.pl\/wp-content\/uploads\/2024\/07\/Free-Simple-Modern-Circle-Design-Studio-Logo-3.png","datePublished":"2024-07-21T16:33:00+00:00","dateModified":"2025-07-08T11:25:24+00:00","breadcrumb":{"@id":"https:\/\/willaeryka.pl\/#breadcrumb"},"inLanguage":"pl-PL","potentialAction":[{"@type":"ReadAction","target":["https:\/\/willaeryka.pl\/"]}]},{"@type":"ImageObject","inLanguage":"pl-PL","@id":"https:\/\/willaeryka.pl\/#primaryimage","url":"https:\/\/willaeryka.pl\/wp-content\/uploads\/2024\/07\/Free-Simple-Modern-Circle-Design-Studio-Logo-3.png","contentUrl":"https:\/\/willaeryka.pl\/wp-content\/uploads\/2024\/07\/Free-Simple-Modern-Circle-Design-Studio-Logo-3.png","width":500,"height":500},{"@type":"BreadcrumbList","@id":"https:\/\/willaeryka.pl\/#breadcrumb","itemListElement":[{"@type":"ListItem","position":1,"name":"Strona g\u0142\u00f3wna","item":"https:\/\/willaeryka.pl\/"},{"@type":"ListItem","position":2,"name":"Home"}]},{"@type":"WebSite","@id":"https:\/\/willaeryka.pl\/#website","url":"https:\/\/willaeryka.pl\/","name":"","description":"","potentialAction":[{"@type":"SearchAction","target":{"@type":"EntryPoint","urlTemplate":"https:\/\/willaeryka.pl\/?s={search_term_string}"},"query-input":{"@type":"PropertyValueSpecification","valueRequired":true,"valueName":"search_term_string"}}],"inLanguage":"pl-PL"}]}},"_links":{"self":[{"href":"https:\/\/willaeryka.pl\/index.php?rest_route=\/wp\/v2\/pages\/84","targetHints":{"allow":["GET"]}}],"collection":[{"href":"https:\/\/willaeryka.pl\/index.php?rest_route=\/wp\/v2\/pages"}],"about":[{"href":"https:\/\/willaeryka.pl\/index.php?rest_route=\/wp\/v2\/types\/page"}],"author":[{"embeddable":true,"href":"https:\/\/willaeryka.pl\/index.php?rest_route=\/wp\/v2\/users\/1"}],"replies":[{"embeddable":true,"href":"https:\/\/willaeryka.pl\/index.php?rest_route=%2Fwp%2Fv2%2Fcomments&post=84"}],"version-history":[{"count":73,"href":"https:\/\/willaeryka.pl\/index.php?rest_route=\/wp\/v2\/pages\/84\/revisions"}],"predecessor-version":[{"id":16220,"href":"https:\/\/willaeryka.pl\/index.php?rest_route=\/wp\/v2\/pages\/84\/revisions\/16220"}],"wp:attachment":[{"href":"https:\/\/willaeryka.pl\/index.php?rest_route=%2Fwp%2Fv2%2Fmedia&parent=84"}],"curies":[{"name":"wp","href":"https:\/\/api.w.org\/{rel}","templated":true}]}}